{"id":64,"date":"2023-06-10T17:54:04","date_gmt":"2023-06-10T17:54:04","guid":{"rendered":"https:\/\/www.gesichtslesen.com\/?page_id=64"},"modified":"2023-06-10T18:03:20","modified_gmt":"2023-06-10T18:03:20","slug":"impressum","status":"publish","type":"page","link":"https:\/\/www.gesichtslesen.com\/?page_id=64","title":{"rendered":"Impressum"},"content":{"rendered":"<h2 class=\"heading-style-2 visible-first\"><span class=\"item_title_part_0 item_title_part_odd item_title_part_first_half item_title_part_first\">Angaben<\/span>\u00a0<span class=\"item_title_part_1 item_title_part_even item_title_part_first_half\">gem\u00e4\u00df<\/span>\u00a0<span class=\"item_title_part_2 item_title_part_odd item_title_part_first_half\">\u00a7<\/span>\u00a0<span class=\"item_title_part_3 item_title_part_even item_title_part_second_half\">5<\/span>\u00a0<span class=\"item_title_part_4 item_title_part_odd item_title_part_second_half item_title_part_last\">TMG<\/span><\/h2>\n<p>Sigrid Lukosch<br \/>\nHeilpraktikerin beschr\u00e4nkt auf Psychotherapie<br \/>\nFranz-Abt-Str. 10<br \/>\n65193 Wiesbaden<\/p>\n<p>Telefon: +49 611 582 77 93<br \/>\nE-mail: <span id=\"cloak953bf78df11d681ddf88369e94c6d5ee\"><a href=\"mailto:info@sigrid-lukosch.de\">info@sigrid-lukosch.de<\/a><\/span><\/p>\n<p>Aufsichtsbeh\u00f6rde: Gesundheitsamt Wiesbaden,\u00a0Konradinerallee 11<\/p>\n<h2 class=\"heading-style-2 visible-first\"><span class=\"item_title_part_0 item_title_part_odd item_title_part_first_half item_title_part_first item_title_part_last\">Kontakt<\/span><\/h2>\n<p>Telefon: +49 611 582 77 93<br \/>\nE-Mail:\u00a0<span id=\"cloak8524877a0aec720640e0e2f8182d7655\"><a href=\"mailto:info@sigrid-lukosch.de\">info@sigrid-lukosch.de<\/a><\/span><\/p>\n<h2 class=\"heading-style-2 visible-first\"><span class=\"item_title_part_0 item_title_part_odd item_title_part_first_half item_title_part_first item_title_part_last\">Aufsichtsbeh\u00f6rde<\/span><\/h2>\n<p>Gesundheitsamt Wiesbaden<br \/>\nKonradinerallee 11<br \/>\n65189 Wiesbaden<\/p>\n<p><a href=\"http:\/\/bundesrecht.juris.de\/heilprg\/BJNR002510939.html\" target=\"_blank\" rel=\"noopener noreferrer\">http:\/\/bundesrecht.juris.de\/heilprg\/BJNR002510939.html<\/a><\/p>\n<h2 class=\"heading-style-2 visible-first\"><span class=\"item_title_part_0 item_title_part_odd item_title_part_first_half item_title_part_first\">Berufsbezeichnung<\/span>\u00a0<span class=\"item_title_part_1 item_title_part_even item_title_part_first_half\">und<\/span>\u00a0<span class=\"item_title_part_2 item_title_part_odd item_title_part_second_half\">berufsrechtliche<\/span>\u00a0<span class=\"item_title_part_3 item_title_part_even item_title_part_second_half item_title_part_last\">Regelungen<\/span><\/h2>\n<p>Berufsbezeichnung: Heilpraktikerin f\u00fcr Psychotherapie<br \/>\nZust\u00e4ndige Kammer:<br \/>\nVerliehen durch:<br \/>\nEs gelten folgende berufsrechtliche Regelungen:<br \/>\nRegelungen einsehbar unter:\u00a0<a href=\"http:\/\/www.sigrid-lukosch.de\/\" target=\"_blank\" rel=\"noopener noreferrer\">http:\/\/<\/a><\/p>\n<h2 class=\"heading-style-2 visible-first\"><span class=\"item_title_part_0 item_title_part_odd item_title_part_first_half item_title_part_first\">Angaben<\/span>\u00a0<span class=\"item_title_part_1 item_title_part_even item_title_part_first_half\">zur<\/span>\u00a0<span class=\"item_title_part_2 item_title_part_odd item_title_part_second_half item_title_part_last\">Berufshaftpflichtversicherung<\/span><\/h2>\n<p>Wir sind nicht bereit oder verpflichtet, an Streitbeilegungsverfahren vor einer Verbraucherschlichtungsstelle teilzunehmen.<\/p>\n<h3 class=\"heading-style-3 visible-first\"><span class=\"item_title_part_0 item_title_part_odd item_title_part_first_half item_title_part_first\">Haftung<\/span>\u00a0<span class=\"item_title_part_1 item_title_part_even item_title_part_first_half\">f\u00fcr<\/span>\u00a0<span class=\"item_title_part_2 item_title_part_odd item_title_part_second_half item_title_part_last\">Inhalte<\/span><\/h3>\n<p>Als Diensteanbieter sind wir gem\u00e4\u00df \u00a7 7 Abs.1 TMG f\u00fcr eigene Inhalte auf diesen Seiten nach den allgemeinen Gesetzen verantwortlich. Nach \u00a7\u00a7 8 bis 10 TMG sind wir als Diensteanbieter jedoch nicht verpflichtet, \u00fcbermittelte oder gespeicherte fremde Informationen zu \u00fcberwachen oder nach Umst\u00e4nden zu forschen, die auf eine rechtswidrige T\u00e4tigkeit hinweisen.<\/p>\n<p>Verpflichtungen zur Entfernung oder Sperrung der Nutzung von Informationen nach den allgemeinen Gesetzen bleiben hiervon unber\u00fchrt. Eine diesbez\u00fcgliche Haftung ist jedoch erst ab dem Zeitpunkt der Kenntnis einer konkreten Rechtsverletzung m\u00f6glich. Bei Bekanntwerden von entsprechenden Rechtsverletzungen werden wir diese Inhalte umgehend entfernen.<\/p>\n<h3 class=\"heading-style-3 visible-first\"><span class=\"item_title_part_0 item_title_part_odd item_title_part_first_half item_title_part_first\">Haftung<\/span>\u00a0<span class=\"item_title_part_1 item_title_part_even item_title_part_first_half\">f\u00fcr<\/span>\u00a0<span class=\"item_title_part_2 item_title_part_odd item_title_part_second_half item_title_part_last\">Links<\/span><\/h3>\n<p>Unser Angebot enth\u00e4lt Links zu externen Websites Dritter, auf deren Inhalte wir keinen Einfluss haben. Deshalb k\u00f6nnen wir f\u00fcr diese fremden Inhalte auch keine Gew\u00e4hr \u00fcbernehmen. F\u00fcr die Inhalte der verlinkten Seiten ist stets der jeweilige Anbieter oder Betreiber der Seiten verantwortlich. Die verlinkten Seiten wurden zum Zeitpunkt der Verlinkung auf m\u00f6gliche Rechtsverst\u00f6\u00dfe \u00fcberpr\u00fcft. Rechtswidrige Inhalte waren zum Zeitpunkt der Verlinkung nicht erkennbar.<\/p>\n<p>Eine permanente inhaltliche Kontrolle der verlinkten Seiten ist jedoch ohne konkrete Anhaltspunkte einer Rechtsverletzung nicht zumutbar. Bei Bekanntwerden von Rechtsverletzungen werden wir derartige Links umgehend entfernen.<\/p>\n<h3 class=\"heading-style-3 visible-first\"><span class=\"item_title_part_0 item_title_part_odd item_title_part_first_half item_title_part_first item_title_part_last\">Urheberrecht<\/span><\/h3>\n<p>Die durch die Seitenbetreiber erstellten Inhalte und Werke auf diesen Seiten unterliegen dem deutschen Urheberrecht. Die Vervielf\u00e4ltigung, Bearbeitung, Verbreitung und jede Art der Verwertung au\u00dferhalb der Grenzen des Urheberrechtes bed\u00fcrfen der schriftlichen Zustimmung des jeweiligen Autors bzw. Erstellers. Downloads und Kopien dieser Seite sind nur f\u00fcr den privaten, nicht kommerziellen Gebrauch gestattet.<\/p>\n<p>Soweit die Inhalte auf dieser Seite nicht vom Betreiber erstellt wurden, werden die Urheberrechte Dritter beachtet. Insbesondere werden Inhalte Dritter als solche gekennzeichnet. Sollten Sie trotzdem auf eine Urheberrechtsverletzung aufmerksam werden, bitten wir um einen entsprechenden Hinweis. Bei Bekanntwerden von Rechtsverletzungen werden wir derartige Inhalte umgehend entfernen.<\/p>\n<p>Quelle:\u00a0<a href=\"https:\/\/www.e-recht24.de\/\">eRecht24<\/a><\/p>\n","protected":false},"excerpt":{"rendered":"<p>Angaben\u00a0gem\u00e4\u00df\u00a0\u00a7\u00a05\u00a0TMG Sigrid Lukosch Heilpraktikerin beschr\u00e4nkt auf Psychotherapie Franz-Abt-Str. 10 65193 Wiesbaden Telefon: +49 611 582 77 93 E-mail: info@sigrid-lukosch.de Aufsichtsbeh\u00f6rde: Gesundheitsamt Wiesbaden,\u00a0Konradinerallee 11 Kontakt Telefon: +49 611 582 77 93 E-Mail:\u00a0info@sigrid-lukosch.de Aufsichtsbeh\u00f6rde Gesundheitsamt Wiesbaden Konradinerallee 11 65189 Wiesbaden http:\/\/bundesrecht.juris.de\/heilprg\/BJNR002510939.html Berufsbezeichnung\u00a0und\u00a0berufsrechtliche\u00a0Regelungen Berufsbezeichnung: Heilpraktikerin f\u00fcr Psychotherapie Zust\u00e4ndige Kammer: Verliehen durch: Es gelten folgende berufsrechtliche Regelungen: Regelungen einsehbar&#8230;<\/p>\n","protected":false},"author":1,"featured_media":0,"parent":0,"menu_order":0,"comment_status":"closed","ping_status":"closed","template":"","meta":{"_kadence_starter_templates_imported_post":false,"_kad_post_transparent":"default","_kad_post_title":"default","_kad_post_layout":"default","_kad_post_sidebar_id":"","_kad_post_content_style":"default","_kad_post_vertical_padding":"default","_kad_post_feature":"","_kad_post_feature_position":"","_kad_post_header":false,"_kad_post_footer":false,"footnotes":""},"class_list":["post-64","page","type-page","status-publish","hentry"],"jetpack_sharing_enabled":true,"_links":{"self":[{"href":"https:\/\/www.gesichtslesen.com\/index.php?rest_route=\/wp\/v2\/pages\/64","targetHints":{"allow":["GET"]}}],"collection":[{"href":"https:\/\/www.gesichtslesen.com\/index.php?rest_route=\/wp\/v2\/pages"}],"about":[{"href":"https:\/\/www.gesichtslesen.com\/index.php?rest_route=\/wp\/v2\/types\/page"}],"author":[{"embeddable":true,"href":"https:\/\/www.gesichtslesen.com\/index.php?rest_route=\/wp\/v2\/users\/1"}],"replies":[{"embeddable":true,"href":"https:\/\/www.gesichtslesen.com\/index.php?rest_route=%2Fwp%2Fv2%2Fcomments&post=64"}],"version-history":[{"count":4,"href":"https:\/\/www.gesichtslesen.com\/index.php?rest_route=\/wp\/v2\/pages\/64\/revisions"}],"predecessor-version":[{"id":73,"href":"https:\/\/www.gesichtslesen.com\/index.php?rest_route=\/wp\/v2\/pages\/64\/revisions\/73"}],"wp:attachment":[{"href":"https:\/\/www.gesichtslesen.com\/index.php?rest_route=%2Fwp%2Fv2%2Fmedia&parent=64"}],"curies":[{"name":"wp","href":"https:\/\/api.w.org\/{rel}","templated":true}]}}