{"id":80,"date":"2023-06-10T18:36:53","date_gmt":"2023-06-10T18:36:53","guid":{"rendered":"https:\/\/www.gesichtslesen.com\/?page_id=80"},"modified":"2023-06-10T18:37:01","modified_gmt":"2023-06-10T18:37:01","slug":"testimonials","status":"publish","type":"page","link":"https:\/\/www.gesichtslesen.com\/?page_id=80","title":{"rendered":"Testimonials"},"content":{"rendered":"<p>Hi Sigrid,<br \/>\nDu meintest du freust dich \u00fcber R\u00fcckmeldungen zu den Entwicklungen.<br \/>\nIch hatte gestern ein Vorstellungsgespr\u00e4ch was, in meinen Augen, unfassbar gut lief. Und im Nachhinein muss ich sagen, dass dies nur der Fall war, weil ich viel \u00fcber mich und meine Pers\u00f6nlichkeit wusste.<br \/>\nIch habe ganz auf mein Kommunikationstalent vertraut und das kam sehr gut an.<br \/>\nOhne dein Face Reading w\u00e4re ich an dieser Stelle bei vielen Fragen zu mir als Person sicherlich \u00fcberfordert gewesen. Da konnte ich mich so sehr weiterentwickeln.<br \/>\nDanke\u00a0nochmal\u00a0&#x1f9e1;<\/p>\n<p>S.<\/p>\n<hr \/>\n<p>&nbsp;<\/p>\n<p>Das Reading war toll\u2026 es hat mich echt best\u00e4rkt in meinem Sein.<br \/>\nDruck raus, nicht k\u00e4mpfen,\u00a0einfach\u00a0Sein\u00a0&#x1f60a;<\/p>\n<p>B.<\/p>\n<p>&nbsp;<\/p>\n","protected":false},"excerpt":{"rendered":"<p>Hi Sigrid, Du meintest du freust dich \u00fcber R\u00fcckmeldungen zu den Entwicklungen. Ich hatte gestern ein Vorstellungsgespr\u00e4ch was, in meinen Augen, unfassbar gut lief. Und im Nachhinein muss ich sagen, dass dies nur der Fall war, weil ich viel \u00fcber mich und meine Pers\u00f6nlichkeit wusste. Ich habe ganz auf mein Kommunikationstalent vertraut und das kam&#8230;<\/p>\n","protected":false},"author":1,"featured_media":0,"parent":0,"menu_order":0,"comment_status":"closed","ping_status":"closed","template":"","meta":{"_kadence_starter_templates_imported_post":false,"_kad_post_transparent":"default","_kad_post_title":"default","_kad_post_layout":"default","_kad_post_sidebar_id":"","_kad_post_content_style":"default","_kad_post_vertical_padding":"default","_kad_post_feature":"","_kad_post_feature_position":"","_kad_post_header":false,"_kad_post_footer":false,"footnotes":""},"class_list":["post-80","page","type-page","status-publish","hentry"],"jetpack_sharing_enabled":true,"_links":{"self":[{"href":"https:\/\/www.gesichtslesen.com\/index.php?rest_route=\/wp\/v2\/pages\/80","targetHints":{"allow":["GET"]}}],"collection":[{"href":"https:\/\/www.gesichtslesen.com\/index.php?rest_route=\/wp\/v2\/pages"}],"about":[{"href":"https:\/\/www.gesichtslesen.com\/index.php?rest_route=\/wp\/v2\/types\/page"}],"author":[{"embeddable":true,"href":"https:\/\/www.gesichtslesen.com\/index.php?rest_route=\/wp\/v2\/users\/1"}],"replies":[{"embeddable":true,"href":"https:\/\/www.gesichtslesen.com\/index.php?rest_route=%2Fwp%2Fv2%2Fcomments&post=80"}],"version-history":[{"count":2,"href":"https:\/\/www.gesichtslesen.com\/index.php?rest_route=\/wp\/v2\/pages\/80\/revisions"}],"predecessor-version":[{"id":83,"href":"https:\/\/www.gesichtslesen.com\/index.php?rest_route=\/wp\/v2\/pages\/80\/revisions\/83"}],"wp:attachment":[{"href":"https:\/\/www.gesichtslesen.com\/index.php?rest_route=%2Fwp%2Fv2%2Fmedia&parent=80"}],"curies":[{"name":"wp","href":"https:\/\/api.w.org\/{rel}","templated":true}]}}